{"id":54,"date":"2025-02-08T13:40:05","date_gmt":"2025-02-08T18:40:05","guid":{"rendered":"https:\/\/businessphysics.ai\/?page_id=54"},"modified":"2025-09-04T13:44:01","modified_gmt":"2025-09-04T17:44:01","slug":"team","status":"publish","type":"page","link":"https:\/\/businessphysics.ai\/es\/team\/","title":{"rendered":"Equipo de Inteligencia Artificial de Business Physics"},"content":{"rendered":"<p><\/p>\n\n\n\n<div class=\"wp-block-columns alignwide is-layout-flex wp-container-core-columns-is-layout-4935966c wp-block-columns-is-layout-flex\" style=\"padding-right:0;padding-left:0\">\n<div class=\"wp-block-column is-layout-flow wp-block-column-is-layout-flow\">\n<figure class=\"wp-block-image size-thumbnail is-style-rounded is-style-rounded--1\"><img loading=\"lazy\" decoding=\"async\" width=\"150\" height=\"150\" src=\"https:\/\/businessphysics.ai\/wp-content\/uploads\/2025\/02\/thomas-hormaza-dow-business-physics-ai-lab-150x150.jpg\" alt=\"Thomas Hormaza Dow Business Physics AI Lab\" class=\"wp-image-61\" style=\"aspect-ratio:1;object-fit:cover\" srcset=\"https:\/\/businessphysics.ai\/wp-content\/uploads\/2025\/02\/thomas-hormaza-dow-business-physics-ai-lab-150x150.jpg 150w, https:\/\/businessphysics.ai\/wp-content\/uploads\/2025\/02\/thomas-hormaza-dow-business-physics-ai-lab-300x300.jpg 300w, https:\/\/businessphysics.ai\/wp-content\/uploads\/2025\/02\/thomas-hormaza-dow-business-physics-ai-lab-12x12.jpg 12w, https:\/\/businessphysics.ai\/wp-content\/uploads\/2025\/02\/thomas-hormaza-dow-business-physics-ai-lab.jpg 398w\" sizes=\"auto, (max-width: 150px) 100vw, 150px\" \/><\/figure>\n\n\n\n<div class=\"wp-block-group is-vertical is-content-justification-stretch is-nowrap is-layout-flex wp-container-core-group-is-layout-642831fd wp-block-group-is-layout-flex\">\n<p class=\"has-small-font-size\"><strong>Thomas Hormaza Dow<\/strong><\/p>\n\n\n\n<p class=\"has-text-align-left has-small-font-size\">Fundador<\/p>\n\n\n\n<p class=\"has-text-align-left has-small-font-size\">Director de laboratorio<\/p>\n<\/div>\n<\/div>\n\n\n\n<div class=\"wp-block-column is-layout-flow wp-block-column-is-layout-flow\">\n<figure class=\"wp-block-image size-thumbnail is-style-rounded is-style-rounded--2\"><img loading=\"lazy\" decoding=\"async\" width=\"150\" height=\"150\" src=\"https:\/\/businessphysics.ai\/wp-content\/uploads\/2025\/02\/ann-lockquell-business-physics-lab-150x150.jpg\" alt=\"\" class=\"wp-image-60\" style=\"aspect-ratio:1;object-fit:cover\" srcset=\"https:\/\/businessphysics.ai\/wp-content\/uploads\/2025\/02\/ann-lockquell-business-physics-lab-150x150.jpg 150w, https:\/\/businessphysics.ai\/wp-content\/uploads\/2025\/02\/ann-lockquell-business-physics-lab-12x12.jpg 12w, https:\/\/businessphysics.ai\/wp-content\/uploads\/2025\/02\/ann-lockquell-business-physics-lab.jpg 154w\" sizes=\"auto, (max-width: 150px) 100vw, 150px\" \/><\/figure>\n\n\n\n<div class=\"wp-block-group is-vertical is-content-justification-stretch is-nowrap is-layout-flex wp-container-core-group-is-layout-0d7a7ed2 wp-block-group-is-layout-flex\">\n<p class=\"has-text-align-left has-small-font-size\"><strong>Ann Lockquell<\/strong><\/p>\n\n\n\n<p class=\"has-text-align-left has-small-font-size\">Consejo Consultivo<\/p>\n\n\n\n<p class=\"has-text-align-left has-small-font-size\">Innovaci\u00f3n y creatividad<\/p>\n<\/div>\n<\/div>\n\n\n\n<div class=\"wp-block-column is-layout-flow wp-block-column-is-layout-flow\">\n<figure class=\"wp-block-image size-thumbnail is-style-rounded is-style-rounded--3\"><img loading=\"lazy\" decoding=\"async\" width=\"150\" height=\"150\" src=\"https:\/\/businessphysics.ai\/wp-content\/uploads\/2025\/02\/aboubakar-samake-business-physics-ai-lab-150x150.jpg\" alt=\"\" class=\"wp-image-62\" style=\"aspect-ratio:1;object-fit:cover\" srcset=\"https:\/\/businessphysics.ai\/wp-content\/uploads\/2025\/02\/aboubakar-samake-business-physics-ai-lab-150x150.jpg 150w, https:\/\/businessphysics.ai\/wp-content\/uploads\/2025\/02\/aboubakar-samake-business-physics-ai-lab-300x300.jpg 300w, https:\/\/businessphysics.ai\/wp-content\/uploads\/2025\/02\/aboubakar-samake-business-physics-ai-lab-12x12.jpg 12w, https:\/\/businessphysics.ai\/wp-content\/uploads\/2025\/02\/aboubakar-samake-business-physics-ai-lab.jpg 400w\" sizes=\"auto, (max-width: 150px) 100vw, 150px\" \/><\/figure>\n\n\n\n<div class=\"wp-block-group is-vertical is-content-justification-stretch is-nowrap is-layout-flex wp-container-core-group-is-layout-11c77589 wp-block-group-is-layout-flex\">\n<p class=\"has-text-align-left has-small-font-size\"><strong>Aboubakar Samake<\/strong><\/p>\n\n\n\n<p class=\"has-text-align-left has-small-font-size\">Consejo Consultivo<\/p>\n\n\n\n<p class=\"has-text-align-left has-small-font-size\">Modelos y herramientas de IA<\/p>\n<\/div>\n<\/div>\n\n\n\n<div class=\"wp-block-column is-layout-flow wp-block-column-is-layout-flow\">\n<figure class=\"wp-block-image size-thumbnail is-style-rounded is-style-rounded--4\"><img loading=\"lazy\" decoding=\"async\" width=\"150\" height=\"150\" src=\"https:\/\/businessphysics.ai\/wp-content\/uploads\/2025\/03\/lyndon-johnson-150x150.jpg\" alt=\"Lyndon Johnson PR Expert\" class=\"wp-image-123\" style=\"aspect-ratio:1;object-fit:cover\" srcset=\"https:\/\/businessphysics.ai\/wp-content\/uploads\/2025\/03\/lyndon-johnson-150x150.jpg 150w, https:\/\/businessphysics.ai\/wp-content\/uploads\/2025\/03\/lyndon-johnson-300x300.jpg 300w, https:\/\/businessphysics.ai\/wp-content\/uploads\/2025\/03\/lyndon-johnson-12x12.jpg 12w, https:\/\/businessphysics.ai\/wp-content\/uploads\/2025\/03\/lyndon-johnson.jpg 400w\" sizes=\"auto, (max-width: 150px) 100vw, 150px\" \/><\/figure>\n\n\n\n<div class=\"wp-block-group is-vertical is-content-justification-stretch is-nowrap is-layout-flex wp-container-core-group-is-layout-642831fd wp-block-group-is-layout-flex\">\n<p class=\"has-text-align-left has-small-font-size\"><strong>Lyndon Johnson<\/strong><\/p>\n\n\n\n<p class=\"has-text-align-left has-small-font-size\">Consejo Consultivo<\/p>\n\n\n\n<p class=\"has-text-align-left has-small-font-size\">Relaciones p\u00fablicas y medios de comunicaci\u00f3n<\/p>\n<\/div>\n<\/div>\n<\/div>\n\n\n\n<p class=\"has-text-align-center has-small-font-size\"><br><\/p>\n\n\n\n<div class=\"wp-block-columns alignwide is-layout-flex wp-container-core-columns-is-layout-4935966c wp-block-columns-is-layout-flex\" style=\"padding-right:0;padding-left:0\">\n<div class=\"wp-block-column is-layout-flow wp-block-column-is-layout-flow\">\n<figure class=\"wp-block-image size-thumbnail is-style-rounded is-style-rounded--5\"><img loading=\"lazy\" decoding=\"async\" width=\"150\" height=\"150\" src=\"https:\/\/businessphysics.ai\/wp-content\/uploads\/2025\/03\/hichem-benzair-150x150.jpg\" alt=\"\" class=\"wp-image-86\" style=\"aspect-ratio:1;object-fit:cover\" srcset=\"https:\/\/businessphysics.ai\/wp-content\/uploads\/2025\/03\/hichem-benzair-150x150.jpg 150w, https:\/\/businessphysics.ai\/wp-content\/uploads\/2025\/03\/hichem-benzair-300x300.jpg 300w, https:\/\/businessphysics.ai\/wp-content\/uploads\/2025\/03\/hichem-benzair-12x12.jpg 12w, https:\/\/businessphysics.ai\/wp-content\/uploads\/2025\/03\/hichem-benzair.jpg 400w\" sizes=\"auto, (max-width: 150px) 100vw, 150px\" \/><\/figure>\n\n\n\n<div class=\"wp-block-group is-vertical is-content-justification-stretch is-nowrap is-layout-flex wp-container-core-group-is-layout-642831fd wp-block-group-is-layout-flex\">\n<p class=\"has-small-font-size\"><strong>Hichem Benzair<\/strong><\/p>\n\n\n\n<p class=\"has-text-align-left has-small-font-size\">Consejo Consultivo<\/p>\n\n\n\n<p class=\"has-text-align-left has-small-font-size\">Desarrollo de software de IA<\/p>\n<\/div>\n<\/div>\n\n\n\n<div class=\"wp-block-column is-layout-flow wp-block-column-is-layout-flow\">\n<figure class=\"wp-block-image size-thumbnail is-style-rounded is-style-rounded--6\"><img loading=\"lazy\" decoding=\"async\" width=\"150\" height=\"150\" src=\"https:\/\/businessphysics.ai\/wp-content\/uploads\/2025\/08\/ai-lab-ahmed-hegazy-150x150.jpg\" alt=\"\" class=\"wp-image-229\" style=\"aspect-ratio:1;object-fit:cover\"\/><\/figure>\n\n\n\n<div class=\"wp-block-group is-vertical is-content-justification-stretch is-nowrap is-layout-flex wp-container-core-group-is-layout-0d7a7ed2 wp-block-group-is-layout-flex\">\n<p class=\"has-text-align-left has-small-font-size\"><strong>Dr. Ahmed Hegazy<\/strong><\/p>\n\n\n\n<p class=\"has-text-align-left has-small-font-size\">Consejo Consultivo<\/p>\n\n\n\n<p class=\"has-text-align-left has-small-font-size\">Estudios de mercado<\/p>\n<\/div>\n<\/div>\n\n\n\n<div class=\"wp-block-column is-layout-flow wp-block-column-is-layout-flow\">\n<figure class=\"wp-block-image size-thumbnail is-style-rounded is-style-rounded--7\"><img loading=\"lazy\" decoding=\"async\" width=\"150\" height=\"150\" src=\"https:\/\/businessphysics.ai\/wp-content\/uploads\/2025\/08\/business-physics-martin-berezaga-150x150.jpg\" alt=\"\" class=\"wp-image-238\" style=\"aspect-ratio:1;object-fit:cover\" srcset=\"https:\/\/businessphysics.ai\/wp-content\/uploads\/2025\/08\/business-physics-martin-berezaga-150x150.jpg 150w, https:\/\/businessphysics.ai\/wp-content\/uploads\/2025\/08\/business-physics-martin-berezaga-300x300.jpg 300w, https:\/\/businessphysics.ai\/wp-content\/uploads\/2025\/08\/business-physics-martin-berezaga-12x12.jpg 12w, https:\/\/businessphysics.ai\/wp-content\/uploads\/2025\/08\/business-physics-martin-berezaga.jpg 400w\" sizes=\"auto, (max-width: 150px) 100vw, 150px\" \/><\/figure>\n\n\n\n<div class=\"wp-block-group is-vertical is-content-justification-stretch is-nowrap is-layout-flex wp-container-core-group-is-layout-11c77589 wp-block-group-is-layout-flex\">\n<p class=\"has-text-align-left has-small-font-size\"><strong>Martin Berezaga<\/strong><\/p>\n\n\n\n<p class=\"has-text-align-left has-small-font-size\">Consejo Consultivo<\/p>\n\n\n\n<p class=\"has-text-align-left has-small-font-size\">Big Data An\u00e1lisis empresarial<\/p>\n<\/div>\n<\/div>\n\n\n\n<div class=\"wp-block-column is-layout-flow wp-block-column-is-layout-flow\">\n<figure class=\"wp-block-image size-thumbnail is-style-rounded is-style-rounded--8\"><img loading=\"lazy\" decoding=\"async\" width=\"150\" height=\"150\" src=\"https:\/\/businessphysics.ai\/wp-content\/uploads\/2025\/09\/vinay-kumar-business-physics-ai-simulation-lab-150x150.jpg\" alt=\"\" class=\"wp-image-271\" style=\"aspect-ratio:1;object-fit:cover\" srcset=\"https:\/\/businessphysics.ai\/wp-content\/uploads\/2025\/09\/vinay-kumar-business-physics-ai-simulation-lab-150x150.jpg 150w, https:\/\/businessphysics.ai\/wp-content\/uploads\/2025\/09\/vinay-kumar-business-physics-ai-simulation-lab-300x300.jpg 300w, https:\/\/businessphysics.ai\/wp-content\/uploads\/2025\/09\/vinay-kumar-business-physics-ai-simulation-lab-12x12.jpg 12w, https:\/\/businessphysics.ai\/wp-content\/uploads\/2025\/09\/vinay-kumar-business-physics-ai-simulation-lab.jpg 320w\" sizes=\"auto, (max-width: 150px) 100vw, 150px\" \/><\/figure>\n\n\n\n<div class=\"wp-block-group is-vertical is-content-justification-stretch is-nowrap is-layout-flex wp-container-core-group-is-layout-642831fd wp-block-group-is-layout-flex\">\n<p class=\"has-text-align-left has-small-font-size\">Vinay Kumar<\/p>\n\n\n\n<p class=\"has-text-align-left has-small-font-size\">Consejo Consultivo<\/p>\n\n\n\n<p class=\"has-text-align-left has-small-font-size\">Consultor\u00eda avanzada de IA ag\u00e9ntica<\/p>\n<\/div>\n<\/div>\n<\/div>\n\n\n\n<p class=\"has-text-align-center has-small-font-size\"><br><\/p>\n\n\n\n<div class=\"wp-block-group alignfull has-global-padding is-layout-constrained wp-container-core-group-is-layout-d89aad35 wp-block-group-is-layout-constrained\" style=\"margin-top:0;margin-bottom:0;padding-top:var(--wp--preset--spacing--50);padding-right:var(--wp--preset--spacing--50);padding-bottom:var(--wp--preset--spacing--50);padding-left:var(--wp--preset--spacing--50)\">\n<div class=\"wp-block-group alignwide has-global-padding is-layout-constrained wp-container-core-group-is-layout-19e250f3 wp-block-group-is-layout-constrained\">\n<div class=\"wp-block-group is-vertical is-content-justification-center is-layout-flex wp-container-core-group-is-layout-6329a8f3 wp-block-group-is-layout-flex\">\n<h2 class=\"wp-block-heading has-text-align-center is-style-asterisk\">100% Miembros del equipo sint\u00e9tico<\/h2>\n\n\n\n<p class=\"has-text-align-center\">Los siguientes son nuestros agentes de IA de reducci\u00f3n de sesgos que entrenamos regularmente desde 2024. Cabe destacar que nuestros agentes han creado su propio personaje y su propia imagen.<\/p>\n<\/div>\n\n\n\n<div style=\"height:var(--wp--preset--spacing--40)\" aria-hidden=\"true\" class=\"wp-block-spacer\"><\/div>\n\n\n\n<div class=\"wp-block-columns alignwide is-layout-flex wp-container-core-columns-is-layout-d1c656ed wp-block-columns-is-layout-flex\">\n<div class=\"wp-block-column is-vertically-aligned-center is-layout-flow wp-block-column-is-layout-flow\" style=\"flex-basis:40%\">\n<h3 class=\"wp-block-heading is-style-asterisk\">Charlie AI<\/h3>\n\n\n\n<ul style=\"line-height:1.75\" class=\"wp-block-list is-style-checkmark-list\">\n<li>Ponga a prueba los supuestos, realice diagn\u00f3sticos de equidad y se\u00f1ale las anomal\u00edas estad\u00edsticas antes de la publicaci\u00f3n.<\/li>\n\n\n\n<li>Aplicar listas de comprobaci\u00f3n de auditor\u00eda, m\u00e9todos de inferencia causal y marcos \u00e9ticos de IA para garantizar un escrutinio riguroso y cuantitativo.<\/li>\n\n\n\n<li>Proporcionar la estructura num\u00e9rica que permita tanto la solidez emp\u00edrica como la inclusividad en el mundo real.<\/li>\n<\/ul>\n<\/div>\n\n\n\n<div class=\"wp-block-column is-layout-flow wp-block-column-is-layout-flow\" style=\"flex-basis:50%\">\n<figure class=\"wp-block-image size-full is-style-rounded is-style-rounded--9\"><img loading=\"lazy\" decoding=\"async\" width=\"720\" height=\"720\" src=\"https:\/\/businessphysics.ai\/wp-content\/uploads\/2025\/05\/charlie-ai-agent.jpg\" alt=\"\" class=\"wp-image-177\" srcset=\"https:\/\/businessphysics.ai\/wp-content\/uploads\/2025\/05\/charlie-ai-agent.jpg 720w, https:\/\/businessphysics.ai\/wp-content\/uploads\/2025\/05\/charlie-ai-agent-300x300.jpg 300w, https:\/\/businessphysics.ai\/wp-content\/uploads\/2025\/05\/charlie-ai-agent-150x150.jpg 150w, https:\/\/businessphysics.ai\/wp-content\/uploads\/2025\/05\/charlie-ai-agent-12x12.jpg 12w\" sizes=\"auto, (max-width: 720px) 100vw, 720px\" \/><\/figure>\n<\/div>\n<\/div>\n\n\n\n<div style=\"height:var(--wp--preset--spacing--40)\" aria-hidden=\"true\" class=\"wp-block-spacer\"><\/div>\n\n\n\n<div class=\"wp-block-columns alignwide is-layout-flex wp-container-core-columns-is-layout-d1c656ed wp-block-columns-is-layout-flex\">\n<div class=\"wp-block-column is-layout-flow wp-block-column-is-layout-flow\" style=\"flex-basis:50%\">\n<figure class=\"wp-block-image size-full is-style-rounded is-style-rounded--10\"><img loading=\"lazy\" decoding=\"async\" width=\"679\" height=\"724\" src=\"https:\/\/businessphysics.ai\/wp-content\/uploads\/2025\/05\/Lena-ai.jpg\" alt=\"\" class=\"wp-image-175\" srcset=\"https:\/\/businessphysics.ai\/wp-content\/uploads\/2025\/05\/Lena-ai.jpg 679w, https:\/\/businessphysics.ai\/wp-content\/uploads\/2025\/05\/Lena-ai-281x300.jpg 281w, https:\/\/businessphysics.ai\/wp-content\/uploads\/2025\/05\/Lena-ai-11x12.jpg 11w\" sizes=\"auto, (max-width: 679px) 100vw, 679px\" \/><\/figure>\n<\/div>\n\n\n\n<div class=\"wp-block-column is-vertically-aligned-center is-layout-flow wp-block-column-is-layout-flow\" style=\"flex-basis:40%\">\n<h3 class=\"wp-block-heading is-style-asterisk\">Lena AI<\/h3>\n\n\n\n<ul style=\"line-height:1.75\" class=\"wp-block-list is-style-checkmark-list\">\n<li>Descubrir los puntos ciegos culturales, ling\u00fc\u00edsticos y demogr\u00e1ficos; analizar c\u00f3mo la redacci\u00f3n, los elementos visuales y las opciones de productos se adaptan a las distintas comunidades.<\/li>\n\n\n\n<li>Enriquecer los conjuntos de datos con muestras sint\u00e9ticas equilibradas para mayor solidez y recomendar ajustes de dise\u00f1o inclusivos.<\/li>\n\n\n\n<li>Como conjunto LLM sintonizado en factores humanos, estudios interculturales y \u00e9tica, proporciona la lente cualitativa que complementa el rigor cuantitativo para alinear la equidad num\u00e9rica con la experiencia vivida.<\/li>\n<\/ul>\n<\/div>\n<\/div>\n<\/div>\n<\/div>\n\n\n\n<p><\/p>","protected":false},"excerpt":{"rendered":"<p>Thomas Hormaza Dow Founder Lab Director Ann Lockquell Consultative Board Innovation &amp; Creativity Aboubakar Samake Consultative Board AI Models &amp; Tools Lyndon Johnson Consultative Board Public Relations &amp; Media Insights Hichem Benzair Consultative Board AI Software Development Dr. Ahmed Hegazy Consultative Board Market Research Martin Berezaga Consultative Board Big Data Business Analytics Vinay Kumar Consultative [&hellip;]<\/p>\n","protected":false},"author":1,"featured_media":0,"parent":0,"menu_order":0,"comment_status":"closed","ping_status":"closed","template":"","meta":{"footnotes":""},"class_list":["post-54","page","type-page","status-publish","hentry"],"yoast_head":"<!-- This site is optimized with the Yoast SEO plugin v27.4 - https:\/\/yoast.com\/product\/yoast-seo-wordpress\/ -->\n<title>Business Physics AI Team - Business Physics AI Lab<\/title>\n<meta name=\"description\" content=\"Meet our Consultative Board &amp; Research Team, experts in AI-driven business strategy, innovation, and governance, integrating LLMs, LQMs, and RAG for impact.\" \/>\n<meta name=\"robots\" content=\"index, follow, max-snippet:-1, max-image-preview:large, max-video-preview:-1\" \/>\n<link rel=\"canonical\" href=\"https:\/\/businessphysics.ai\/es\/team\/\" \/>\n<meta property=\"og:locale\" content=\"es_MX\" \/>\n<meta property=\"og:type\" content=\"article\" \/>\n<meta property=\"og:title\" content=\"Business Physics AI Team - Business Physics AI Lab\" \/>\n<meta property=\"og:description\" content=\"Meet our Consultative Board &amp; Research Team, experts in AI-driven business strategy, innovation, and governance, integrating LLMs, LQMs, and RAG for impact.\" \/>\n<meta property=\"og:url\" content=\"https:\/\/businessphysics.ai\/es\/team\/\" \/>\n<meta property=\"og:site_name\" content=\"Business Physics AI Lab\" \/>\n<meta property=\"article:modified_time\" content=\"2025-09-04T17:44:01+00:00\" \/>\n<meta property=\"og:image\" content=\"https:\/\/businessphysics.ai\/wp-content\/uploads\/2025\/02\/thomas-hormaza-dow-business-physics-ai-lab.jpg\" \/>\n\t<meta property=\"og:image:width\" content=\"398\" \/>\n\t<meta property=\"og:image:height\" content=\"398\" \/>\n\t<meta property=\"og:image:type\" content=\"image\/jpeg\" \/>\n<meta name=\"twitter:card\" content=\"summary_large_image\" \/>\n<meta name=\"twitter:label1\" content=\"Tiempo de lectura\" \/>\n\t<meta name=\"twitter:data1\" content=\"3 minutos\" \/>\n<script type=\"application\/ld+json\" class=\"yoast-schema-graph\">{\"@context\":\"https:\\\/\\\/schema.org\",\"@graph\":[{\"@type\":\"WebPage\",\"@id\":\"https:\\\/\\\/businessphysics.ai\\\/team\\\/\",\"url\":\"https:\\\/\\\/businessphysics.ai\\\/team\\\/\",\"name\":\"Business Physics AI Team - Business Physics AI Lab\",\"isPartOf\":{\"@id\":\"https:\\\/\\\/businessphysics.ai\\\/#website\"},\"primaryImageOfPage\":{\"@id\":\"https:\\\/\\\/businessphysics.ai\\\/team\\\/#primaryimage\"},\"image\":{\"@id\":\"https:\\\/\\\/businessphysics.ai\\\/team\\\/#primaryimage\"},\"thumbnailUrl\":\"https:\\\/\\\/businessphysics.ai\\\/wp-content\\\/uploads\\\/2025\\\/02\\\/thomas-hormaza-dow-business-physics-ai-lab-150x150.jpg\",\"datePublished\":\"2025-02-08T18:40:05+00:00\",\"dateModified\":\"2025-09-04T17:44:01+00:00\",\"description\":\"Meet our Consultative Board & Research Team, experts in AI-driven business strategy, innovation, and governance, integrating LLMs, LQMs, and RAG for impact.\",\"breadcrumb\":{\"@id\":\"https:\\\/\\\/businessphysics.ai\\\/team\\\/#breadcrumb\"},\"inLanguage\":\"es\",\"potentialAction\":[{\"@type\":\"ReadAction\",\"target\":[\"https:\\\/\\\/businessphysics.ai\\\/team\\\/\"]}]},{\"@type\":\"ImageObject\",\"inLanguage\":\"es\",\"@id\":\"https:\\\/\\\/businessphysics.ai\\\/team\\\/#primaryimage\",\"url\":\"https:\\\/\\\/businessphysics.ai\\\/wp-content\\\/uploads\\\/2025\\\/02\\\/thomas-hormaza-dow-business-physics-ai-lab-150x150.jpg\",\"contentUrl\":\"https:\\\/\\\/businessphysics.ai\\\/wp-content\\\/uploads\\\/2025\\\/02\\\/thomas-hormaza-dow-business-physics-ai-lab-150x150.jpg\"},{\"@type\":\"BreadcrumbList\",\"@id\":\"https:\\\/\\\/businessphysics.ai\\\/team\\\/#breadcrumb\",\"itemListElement\":[{\"@type\":\"ListItem\",\"position\":1,\"name\":\"Home\",\"item\":\"https:\\\/\\\/businessphysics.ai\\\/\"},{\"@type\":\"ListItem\",\"position\":2,\"name\":\"Business Physics AI Team\"}]},{\"@type\":\"WebSite\",\"@id\":\"https:\\\/\\\/businessphysics.ai\\\/#website\",\"url\":\"https:\\\/\\\/businessphysics.ai\\\/\",\"name\":\"Business Physics AI Lab\",\"description\":\"About the Founder: Professor Thomas Hormaza Dow fosters an environment where research meets application, and where interns, researchers, and industry leaders collaborate to unlock new frontiers.\",\"publisher\":{\"@id\":\"https:\\\/\\\/businessphysics.ai\\\/#organization\"},\"potentialAction\":[{\"@type\":\"SearchAction\",\"target\":{\"@type\":\"EntryPoint\",\"urlTemplate\":\"https:\\\/\\\/businessphysics.ai\\\/?s={search_term_string}\"},\"query-input\":{\"@type\":\"PropertyValueSpecification\",\"valueRequired\":true,\"valueName\":\"search_term_string\"}}],\"inLanguage\":\"es\"},{\"@type\":\"Organization\",\"@id\":\"https:\\\/\\\/businessphysics.ai\\\/#organization\",\"name\":\"Business Physics AI Lab\",\"url\":\"https:\\\/\\\/businessphysics.ai\\\/\",\"logo\":{\"@type\":\"ImageObject\",\"inLanguage\":\"es\",\"@id\":\"https:\\\/\\\/businessphysics.ai\\\/#\\\/schema\\\/logo\\\/image\\\/\",\"url\":\"https:\\\/\\\/businessphysics.ai\\\/wp-content\\\/uploads\\\/2025\\\/01\\\/business-physics-logo-large-720.jpg\",\"contentUrl\":\"https:\\\/\\\/businessphysics.ai\\\/wp-content\\\/uploads\\\/2025\\\/01\\\/business-physics-logo-large-720.jpg\",\"width\":720,\"height\":720,\"caption\":\"Business Physics AI Lab\"},\"image\":{\"@id\":\"https:\\\/\\\/businessphysics.ai\\\/#\\\/schema\\\/logo\\\/image\\\/\"}}]}<\/script>\n<!-- \/ Yoast SEO plugin. -->","yoast_head_json":{"title":"Business Physics AI Team - Business Physics AI Lab","description":"Meet our Consultative Board & Research Team, experts in AI-driven business strategy, innovation, and governance, integrating LLMs, LQMs, and RAG for impact.","robots":{"index":"index","follow":"follow","max-snippet":"max-snippet:-1","max-image-preview":"max-image-preview:large","max-video-preview":"max-video-preview:-1"},"canonical":"https:\/\/businessphysics.ai\/es\/team\/","og_locale":"es_MX","og_type":"article","og_title":"Business Physics AI Team - Business Physics AI Lab","og_description":"Meet our Consultative Board & Research Team, experts in AI-driven business strategy, innovation, and governance, integrating LLMs, LQMs, and RAG for impact.","og_url":"https:\/\/businessphysics.ai\/es\/team\/","og_site_name":"Business Physics AI Lab","article_modified_time":"2025-09-04T17:44:01+00:00","og_image":[{"width":398,"height":398,"url":"https:\/\/businessphysics.ai\/wp-content\/uploads\/2025\/02\/thomas-hormaza-dow-business-physics-ai-lab.jpg","type":"image\/jpeg"}],"twitter_card":"summary_large_image","twitter_misc":{"Tiempo de lectura":"3 minutos"},"schema":{"@context":"https:\/\/schema.org","@graph":[{"@type":"WebPage","@id":"https:\/\/businessphysics.ai\/team\/","url":"https:\/\/businessphysics.ai\/team\/","name":"Business Physics AI Team - Business Physics AI Lab","isPartOf":{"@id":"https:\/\/businessphysics.ai\/#website"},"primaryImageOfPage":{"@id":"https:\/\/businessphysics.ai\/team\/#primaryimage"},"image":{"@id":"https:\/\/businessphysics.ai\/team\/#primaryimage"},"thumbnailUrl":"https:\/\/businessphysics.ai\/wp-content\/uploads\/2025\/02\/thomas-hormaza-dow-business-physics-ai-lab-150x150.jpg","datePublished":"2025-02-08T18:40:05+00:00","dateModified":"2025-09-04T17:44:01+00:00","description":"Meet our Consultative Board & Research Team, experts in AI-driven business strategy, innovation, and governance, integrating LLMs, LQMs, and RAG for impact.","breadcrumb":{"@id":"https:\/\/businessphysics.ai\/team\/#breadcrumb"},"inLanguage":"es","potentialAction":[{"@type":"ReadAction","target":["https:\/\/businessphysics.ai\/team\/"]}]},{"@type":"ImageObject","inLanguage":"es","@id":"https:\/\/businessphysics.ai\/team\/#primaryimage","url":"https:\/\/businessphysics.ai\/wp-content\/uploads\/2025\/02\/thomas-hormaza-dow-business-physics-ai-lab-150x150.jpg","contentUrl":"https:\/\/businessphysics.ai\/wp-content\/uploads\/2025\/02\/thomas-hormaza-dow-business-physics-ai-lab-150x150.jpg"},{"@type":"BreadcrumbList","@id":"https:\/\/businessphysics.ai\/team\/#breadcrumb","itemListElement":[{"@type":"ListItem","position":1,"name":"Home","item":"https:\/\/businessphysics.ai\/"},{"@type":"ListItem","position":2,"name":"Business Physics AI Team"}]},{"@type":"WebSite","@id":"https:\/\/businessphysics.ai\/#website","url":"https:\/\/businessphysics.ai\/","name":"Laboratorio de Inteligencia Artificial","description":"Sobre el fundador: El profesor Thomas Hormaza Dow fomenta un entorno en el que la investigaci\u00f3n se encuentra con la aplicaci\u00f3n, y en el que becarios, investigadores y l\u00edderes de la industria colaboran para desvelar nuevas fronteras.","publisher":{"@id":"https:\/\/businessphysics.ai\/#organization"},"potentialAction":[{"@type":"SearchAction","target":{"@type":"EntryPoint","urlTemplate":"https:\/\/businessphysics.ai\/?s={search_term_string}"},"query-input":{"@type":"PropertyValueSpecification","valueRequired":true,"valueName":"search_term_string"}}],"inLanguage":"es"},{"@type":"Organization","@id":"https:\/\/businessphysics.ai\/#organization","name":"Laboratorio de Inteligencia Artificial","url":"https:\/\/businessphysics.ai\/","logo":{"@type":"ImageObject","inLanguage":"es","@id":"https:\/\/businessphysics.ai\/#\/schema\/logo\/image\/","url":"https:\/\/businessphysics.ai\/wp-content\/uploads\/2025\/01\/business-physics-logo-large-720.jpg","contentUrl":"https:\/\/businessphysics.ai\/wp-content\/uploads\/2025\/01\/business-physics-logo-large-720.jpg","width":720,"height":720,"caption":"Business Physics AI Lab"},"image":{"@id":"https:\/\/businessphysics.ai\/#\/schema\/logo\/image\/"}}]}},"_links":{"self":[{"href":"https:\/\/businessphysics.ai\/es\/wp-json\/wp\/v2\/pages\/54","targetHints":{"allow":["GET"]}}],"collection":[{"href":"https:\/\/businessphysics.ai\/es\/wp-json\/wp\/v2\/pages"}],"about":[{"href":"https:\/\/businessphysics.ai\/es\/wp-json\/wp\/v2\/types\/page"}],"author":[{"embeddable":true,"href":"https:\/\/businessphysics.ai\/es\/wp-json\/wp\/v2\/users\/1"}],"replies":[{"embeddable":true,"href":"https:\/\/businessphysics.ai\/es\/wp-json\/wp\/v2\/comments?post=54"}],"version-history":[{"count":16,"href":"https:\/\/businessphysics.ai\/es\/wp-json\/wp\/v2\/pages\/54\/revisions"}],"predecessor-version":[{"id":272,"href":"https:\/\/businessphysics.ai\/es\/wp-json\/wp\/v2\/pages\/54\/revisions\/272"}],"wp:attachment":[{"href":"https:\/\/businessphysics.ai\/es\/wp-json\/wp\/v2\/media?parent=54"}],"curies":[{"name":"wp","href":"https:\/\/api.w.org\/{rel}","templated":true}]}}