{"id":136,"date":"2025-04-02T19:37:04","date_gmt":"2025-04-02T23:37:04","guid":{"rendered":"https:\/\/businessphysics.ai\/?page_id=136"},"modified":"2025-04-10T16:59:17","modified_gmt":"2025-04-10T20:59:17","slug":"about-us","status":"publish","type":"page","link":"https:\/\/businessphysics.ai\/fr\/about-us\/","title":{"rendered":"Montr\u00e9al, Qu\u00e9bec Laboratoire d'IA"},"content":{"rendered":"<div class=\"wp-block-group alignfull has-base-background-color has-background has-global-padding is-layout-constrained wp-container-core-group-is-layout-d89aad35 wp-block-group-is-layout-constrained\" style=\"margin-top:0;margin-bottom:0;padding-top:var(--wp--preset--spacing--50);padding-right:var(--wp--preset--spacing--50);padding-bottom:var(--wp--preset--spacing--50);padding-left:var(--wp--preset--spacing--50)\">\n<div class=\"wp-block-columns alignwide is-layout-flex wp-container-core-columns-is-layout-549b0c86 wp-block-columns-is-layout-flex\">\n<div class=\"wp-block-column has-global-padding is-content-justification-left is-layout-constrained wp-container-core-column-is-layout-4f15e8fe wp-block-column-is-layout-constrained\" style=\"flex-basis:40%\">\n<p><strong>Et si nous pouvions simuler des \u00e9motions ?<\/strong><\/p>\n\n\n\n<p>Pas de mani\u00e8re hypoth\u00e9tique. Pas d'un point de vue philosophique. Mais dans le monde r\u00e9el, physique, celui des conseils d'administration, des ateliers, des r\u00e9unions d'\u00e9quipe, des \u00e9ch\u00e9ances nocturnes et des interactions avec les clients.<\/p>\n\n\n\n<p>Et si nous pouvions enfin voir comment la confiance circule au sein d'une \u00e9quipe ?<br>Comment l'\u00e9puisement professionnel se d\u00e9veloppe-t-il sous la surface ?<\/p>\n\n\n\n<p><br>Comment la motivation se propage-t-elle ou non dans un d\u00e9partement ?<\/p>\n\n\n\n<p>Telle est la promesse fondamentale du Business Physics Lab.<\/p>\n\n\n\n<p>Nous sommes l\u00e0 pour apporter une structure \u00e0 ce qui a toujours sembl\u00e9 d\u00e9structur\u00e9 : Nous recherchons<br>L'\u00e9motion dans l'entreprise.<\/p>\n<\/div>\n\n\n\n<div class=\"wp-block-column is-layout-flow wp-container-core-column-is-layout-119bc444 wp-block-column-is-layout-flow\" style=\"flex-basis:60%\">\n<p class=\"has-heading-font-family has-x-large-font-size\" style=\"line-height:1.2\">De l'invisible au visible : Cartographie de la dynamique \u00e9motionnelle<\/p>\n\n\n\n<div class=\"wp-block-columns is-layout-flex wp-container-core-columns-is-layout-87beb0d0 wp-block-columns-is-layout-flex\">\n<div class=\"wp-block-column is-layout-flow wp-block-column-is-layout-flow\">\n<p class=\"wp-container-content-9cfa9a5a\">Le Business Physics Lab s'articule autour de 20 principes fondamentaux qui nous aident \u00e0 rendre les syst\u00e8mes \u00e9motionnels visibles au sein des organisations.<\/p>\n\n\n\n<p>Nous simulons :<\/p>\n\n\n\n<ul class=\"wp-block-list\">\n<li>O\u00f9 la motivation se d\u00e9veloppe ou s'estompe.<\/li>\n\n\n\n<li>Les domaines dans lesquels la confiance est stable et ceux dans lesquels elle se d\u00e9t\u00e9riore.<\/li>\n\n\n\n<li>Comment la collaboration \u00e9volue ou stagne entre les d\u00e9partements.<\/li>\n\n\n\n<li>Comment le stress s'accumule dans des r\u00f4les, des espaces ou des moments sp\u00e9cifiques.<\/li>\n<\/ul>\n\n\n\n<p>Nous utilisons \u00e9galement des agents synth\u00e9tiques - des mod\u00e8les humains d'employ\u00e9s, de clients ou de partenaires - pour tester les interactions \u00e9motionnelles dans des environnements professionnels simul\u00e9s.<\/p>\n\n\n\n<p class=\"wp-container-content-9cfa9a5a\">Ces outils aident les dirigeants \u00e0 explorer des sc\u00e9narios \u00e0 l'avance, \u00e0 l'instar d'un test en soufflerie. La diff\u00e9rence est que nous testons non pas un produit, mais une culture.<\/p>\n<\/div>\n\n\n\n<div class=\"wp-block-column is-layout-flow wp-block-column-is-layout-flow\">\n<p>Au laboratoire, nous adoptons une approche diff\u00e9rente.<\/p>\n\n\n\n<p>Nous ne consid\u00e9rons pas l'\u00e9motion comme quelque chose de doux ou d'abstrait. Nous la consid\u00e9rons comme syst\u00e9mique, observable et concevable \u00e0 l'aide d'un cadre inspir\u00e9 de la physique et ancr\u00e9 dans les environnements r\u00e9els o\u00f9 se d\u00e9roulent les affaires.<\/p>\n\n\n\n<p>Dans notre travail, des concepts tels que<\/p>\n\n\n\n<ul class=\"wp-block-list\">\n<li>La motivation devient la force, l'\u00e9nergie qui fait avancer les gens.<\/li>\n\n\n\n<li>La confiance devient la structure, l'int\u00e9grit\u00e9 qui maintient l'ensemble.<\/li>\n\n\n\n<li>Les frictions se transforment en d\u00e9salignement, source de gaspillage d'efforts et de conflits.<\/li>\n\n\n\n<li>L'\u00e9lan devient un progr\u00e8s qui se maintient gr\u00e2ce \u00e0 la r\u00e9sistance.<\/li>\n\n\n\n<li>L'empathie devient r\u00e9sonance, le mod\u00e8le qui cr\u00e9e une connexion significative.<\/li>\n<\/ul>\n\n\n\n<p>Il ne s'agit pas de m\u00e9taphores. Il s'agit de principes de travail que nous appliquons aux r\u00e9unions, aux parcours des clients, \u00e0 la dynamique d'\u00e9quipe et \u00e0 la strat\u00e9gie organisationnelle.<\/p>\n<\/div>\n<\/div>\n\n\n\n<p><\/p>\n<\/div>\n<\/div>\n\n\n\n<figure class=\"wp-block-embed is-type-video is-provider-youtube wp-block-embed-youtube wp-embed-aspect-16-9 wp-has-aspect-ratio\"><div class=\"wp-block-embed__wrapper\">\n<iframe loading=\"lazy\" title=\"Business Physics AI Lab Montr\u00e9al Canada\" width=\"500\" height=\"281\" src=\"https:\/\/www.youtube.com\/embed\/yVxCELPDfQg?feature=oembed\" frameborder=\"0\" allow=\"accelerometer; autoplay; clipboard-write; encrypted-media; gyroscope; picture-in-picture; web-share\" referrerpolicy=\"strict-origin-when-cross-origin\" allowfullscreen><\/iframe>\n<\/div><\/figure>\n\n\n\n<figure class=\"wp-block-embed is-type-video is-provider-youtube wp-block-embed-youtube wp-embed-aspect-16-9 wp-has-aspect-ratio\"><div class=\"wp-block-embed__wrapper\">\n<iframe loading=\"lazy\" title=\"Laboratoire IA Business Physics Montr\u00e9al Qu\u00e9bec\" width=\"500\" height=\"281\" src=\"https:\/\/www.youtube.com\/embed\/LvyPk48wEMU?feature=oembed\" frameborder=\"0\" allow=\"accelerometer; autoplay; clipboard-write; encrypted-media; gyroscope; picture-in-picture; web-share\" referrerpolicy=\"strict-origin-when-cross-origin\" allowfullscreen><\/iframe>\n<\/div><\/figure>\n<\/div>\n\n\n\n<h3 class=\"wp-block-heading\"><strong>20 principes inspir\u00e9s de la physique des affaires<\/strong><\/h3>\n\n\n\n<p><\/p>\n\n\n\n<h3 class=\"wp-block-heading\">1. Force (motivation)<\/h3>\n\n\n\n<p>Repr\u00e9sente les facteurs qui influencent les actions et les comportements.<\/p>\n\n\n\n<h3 class=\"wp-block-heading\">2. \u00c9nergie (effort)<\/h3>\n\n\n\n<p>Mesure les ressources d\u00e9pens\u00e9es pour atteindre les r\u00e9sultats.<\/p>\n\n\n\n<h3 class=\"wp-block-heading\">3. L'\u00e9lan (le progr\u00e8s)<\/h3>\n\n\n\n<p>Repr\u00e9sente une performance soutenue dans le temps.<\/p>\n\n\n\n<h3 class=\"wp-block-heading\">4. Friction (obstacles)<\/h3>\n\n\n\n<p>Symbolise les inefficacit\u00e9s ou les obstacles dans les processus.<\/p>\n\n\n\n<h3 class=\"wp-block-heading\">5. \u00c9quilibre (stabilit\u00e9)<\/h3>\n\n\n\n<p>Repr\u00e9sente l'\u00e9quilibre entre la charge de travail et la capacit\u00e9.<\/p>\n\n\n\n<h3 class=\"wp-block-heading\">6. Adaptabilit\u00e9 (\u00e9lasticit\u00e9)<\/h3>\n\n\n\n<p>Refl\u00e8te la capacit\u00e9 \u00e0 s'adapter \u00e0 des conditions ou \u00e0 des exigences changeantes.<\/p>\n\n\n\n<h3 class=\"wp-block-heading\">7. Boucles de r\u00e9troaction (autor\u00e9gulation)<\/h3>\n\n\n\n<p>Il montre comment les syst\u00e8mes s'am\u00e9liorent gr\u00e2ce \u00e0 un retour d'information it\u00e9ratif.<\/p>\n\n\n\n<h3 class=\"wp-block-heading\">8. Optimisation (effet de levier)<\/h3>\n\n\n\n<p>Se concentre sur l'obtention d'un maximum de r\u00e9sultats avec un minimum d'efforts.<\/p>\n\n\n\n<h3 class=\"wp-block-heading\">9. Intelligence distribu\u00e9e (collaboration)<\/h3>\n\n\n\n<p>Repr\u00e9sente la capacit\u00e9 collective de r\u00e9solution de probl\u00e8mes des agents humains et synth\u00e9tiques.<\/p>\n\n\n\n<h3 class=\"wp-block-heading\">10. La confiance comme stabilit\u00e9<\/h3>\n\n\n\n<p>Souligne l'importance de la confiance dans le maintien de la fiabilit\u00e9 des syst\u00e8mes.<\/p>\n\n\n\n<h3 class=\"wp-block-heading\">11. Cycles d'ondes (mod\u00e8les de comportement)<\/h3>\n\n\n\n<p>Refl\u00e8te des sch\u00e9mas r\u00e9currents de performance ou de demande.<\/p>\n\n\n\n<h3 class=\"wp-block-heading\">12. Entropie et renouvellement (long\u00e9vit\u00e9 du syst\u00e8me)<\/h3>\n\n\n\n<p>Repr\u00e9sente la d\u00e9gradation du syst\u00e8me et la n\u00e9cessit\u00e9 de proc\u00e9der \u00e0 des mises \u00e0 jour.<\/p>\n\n\n\n<h3 class=\"wp-block-heading\">13. Alignement (r\u00e9sonance)<\/h3>\n\n\n\n<p>Veille \u00e0 ce que les objectifs et les actions soient synchronis\u00e9s entre les syst\u00e8mes.<\/p>\n\n\n\n<h3 class=\"wp-block-heading\">14. V\u00e9locit\u00e9 (vitesse d'ex\u00e9cution)<\/h3>\n\n\n\n<p>Refl\u00e8te la rapidit\u00e9 avec laquelle les t\u00e2ches sont accomplies.<\/p>\n\n\n\n<h3 class=\"wp-block-heading\">15. Interactions bas\u00e9es sur les personnes<\/h3>\n\n\n\n<p>Les agents synth\u00e9tiques incarnent des personnalit\u00e9s distinctes adapt\u00e9es aux r\u00f4les.<\/p>\n\n\n\n<h3 class=\"wp-block-heading\">16. Charge cognitive (\u00e9quilibre des efforts)<\/h3>\n\n\n\n<p>Repr\u00e9sente la gestion de la complexit\u00e9 des t\u00e2ches.<\/p>\n\n\n\n<h3 class=\"wp-block-heading\">17. Redondance (r\u00e9silience du syst\u00e8me)<\/h3>\n\n\n\n<p>Veiller \u00e0 ce que des syst\u00e8mes de sauvegarde soient disponibles pour assurer la continuit\u00e9.<\/p>\n\n\n\n<h3 class=\"wp-block-heading\">18. Biais et \u00e9thique (qualit\u00e9 des d\u00e9cisions)<\/h3>\n\n\n\n<p>Veille \u00e0 ce que les d\u00e9cisions soient \u00e9quitables, impartiales et conformes aux normes \u00e9thiques.<\/p>\n\n\n\n<h3 class=\"wp-block-heading\">19. Interf\u00e9rence (cons\u00e9quences involontaires)<\/h3>\n\n\n\n<p>Repr\u00e9sente les perturbations caus\u00e9es par des actions contradictoires ou des inefficacit\u00e9s.<\/p>\n\n\n\n<h3 class=\"wp-block-heading\">20. \u00c9mergence (comportement des syst\u00e8mes complexes)<\/h3>\n\n\n\n<p>Capture les nouveaux mod\u00e8les ou comportements issus des interactions du syst\u00e8me.<\/p>\n\n\n\n<p>Ces principes guident la mod\u00e9lisation, la prise de d\u00e9cision et l'optimisation dans tous les contextes commerciaux au sein du Business Physics AI Lab.<\/p>\n\n\n\n<p><\/p>\n\n\n\n<figure class=\"wp-block-embed is-type-video is-provider-youtube wp-block-embed-youtube wp-embed-aspect-16-9 wp-has-aspect-ratio\"><div class=\"wp-block-embed__wrapper\">\n<iframe loading=\"lazy\" title=\"20 principes inspir\u00e9s de la physique pour simuler les \u00e9motions humaines dans les affaires avec l&#039;IA -- @ BusinessPhysics.ai\" width=\"500\" height=\"281\" src=\"https:\/\/www.youtube.com\/embed\/fYXLJ4uMcB4?feature=oembed\" frameborder=\"0\" allow=\"accelerometer; autoplay; clipboard-write; encrypted-media; gyroscope; picture-in-picture; web-share\" referrerpolicy=\"strict-origin-when-cross-origin\" allowfullscreen><\/iframe>\n<\/div><\/figure>","protected":false},"excerpt":{"rendered":"<p>What if we could simulate emotion? Not in a hypothetical way. Not in a philosophical way. But in the real, physical world the world of boardrooms, shop floors, team huddles, late-night deadlines, and customer interactions. What if we could finally see how trust flows through a team?How burnout builds beneath the surface? How motivation spreads [&hellip;]<\/p>\n","protected":false},"author":1,"featured_media":0,"parent":0,"menu_order":0,"comment_status":"closed","ping_status":"closed","template":"","meta":{"footnotes":""},"class_list":["post-136","page","type-page","status-publish","hentry"],"yoast_head":"<!-- This site is optimized with the Yoast SEO plugin v27.4 - https:\/\/yoast.com\/product\/yoast-seo-wordpress\/ -->\n<title>Montreal, Quebec AI Lab - Business Physics AI Lab<\/title>\n<meta name=\"description\" content=\"About the Business Physics AI Lab in Montreal, Quebec, Canada. AI Lab built on 20 core principles that make emotional systems visible inside organizations.\" \/>\n<meta name=\"robots\" content=\"index, follow, max-snippet:-1, max-image-preview:large, max-video-preview:-1\" \/>\n<link rel=\"canonical\" href=\"https:\/\/businessphysics.ai\/fr\/about-us\/\" \/>\n<meta property=\"og:locale\" content=\"fr_CA\" \/>\n<meta property=\"og:type\" content=\"article\" \/>\n<meta property=\"og:title\" content=\"Montreal, Quebec AI Lab - Business Physics AI Lab\" \/>\n<meta property=\"og:description\" content=\"About the Business Physics AI Lab in Montreal, Quebec, Canada. AI Lab built on 20 core principles that make emotional systems visible inside organizations.\" \/>\n<meta property=\"og:url\" content=\"https:\/\/businessphysics.ai\/fr\/about-us\/\" \/>\n<meta property=\"og:site_name\" content=\"Business Physics AI Lab\" \/>\n<meta property=\"article:modified_time\" content=\"2025-04-10T20:59:17+00:00\" \/>\n<meta name=\"twitter:card\" content=\"summary_large_image\" \/>\n<meta name=\"twitter:label1\" content=\"Estimation du temps de lecture\" \/>\n\t<meta name=\"twitter:data1\" content=\"3 minutes\" \/>\n<script type=\"application\/ld+json\" class=\"yoast-schema-graph\">{\"@context\":\"https:\\\/\\\/schema.org\",\"@graph\":[{\"@type\":\"WebPage\",\"@id\":\"https:\\\/\\\/businessphysics.ai\\\/about-us\\\/\",\"url\":\"https:\\\/\\\/businessphysics.ai\\\/about-us\\\/\",\"name\":\"Montreal, Quebec AI Lab - Business Physics AI Lab\",\"isPartOf\":{\"@id\":\"https:\\\/\\\/businessphysics.ai\\\/#website\"},\"datePublished\":\"2025-04-02T23:37:04+00:00\",\"dateModified\":\"2025-04-10T20:59:17+00:00\",\"description\":\"About the Business Physics AI Lab in Montreal, Quebec, Canada. AI Lab built on 20 core principles that make emotional systems visible inside organizations.\",\"breadcrumb\":{\"@id\":\"https:\\\/\\\/businessphysics.ai\\\/about-us\\\/#breadcrumb\"},\"inLanguage\":\"fr-CA\",\"potentialAction\":[{\"@type\":\"ReadAction\",\"target\":[\"https:\\\/\\\/businessphysics.ai\\\/about-us\\\/\"]}]},{\"@type\":\"BreadcrumbList\",\"@id\":\"https:\\\/\\\/businessphysics.ai\\\/about-us\\\/#breadcrumb\",\"itemListElement\":[{\"@type\":\"ListItem\",\"position\":1,\"name\":\"Home\",\"item\":\"https:\\\/\\\/businessphysics.ai\\\/\"},{\"@type\":\"ListItem\",\"position\":2,\"name\":\"Montreal, Quebec AI Lab\"}]},{\"@type\":\"WebSite\",\"@id\":\"https:\\\/\\\/businessphysics.ai\\\/#website\",\"url\":\"https:\\\/\\\/businessphysics.ai\\\/\",\"name\":\"Business Physics AI Lab\",\"description\":\"About the Founder: Professor Thomas Hormaza Dow fosters an environment where research meets application, and where interns, researchers, and industry leaders collaborate to unlock new frontiers.\",\"publisher\":{\"@id\":\"https:\\\/\\\/businessphysics.ai\\\/#organization\"},\"potentialAction\":[{\"@type\":\"SearchAction\",\"target\":{\"@type\":\"EntryPoint\",\"urlTemplate\":\"https:\\\/\\\/businessphysics.ai\\\/?s={search_term_string}\"},\"query-input\":{\"@type\":\"PropertyValueSpecification\",\"valueRequired\":true,\"valueName\":\"search_term_string\"}}],\"inLanguage\":\"fr-CA\"},{\"@type\":\"Organization\",\"@id\":\"https:\\\/\\\/businessphysics.ai\\\/#organization\",\"name\":\"Business Physics AI Lab\",\"url\":\"https:\\\/\\\/businessphysics.ai\\\/\",\"logo\":{\"@type\":\"ImageObject\",\"inLanguage\":\"fr-CA\",\"@id\":\"https:\\\/\\\/businessphysics.ai\\\/#\\\/schema\\\/logo\\\/image\\\/\",\"url\":\"https:\\\/\\\/businessphysics.ai\\\/wp-content\\\/uploads\\\/2025\\\/01\\\/business-physics-logo-large-720.jpg\",\"contentUrl\":\"https:\\\/\\\/businessphysics.ai\\\/wp-content\\\/uploads\\\/2025\\\/01\\\/business-physics-logo-large-720.jpg\",\"width\":720,\"height\":720,\"caption\":\"Business Physics AI Lab\"},\"image\":{\"@id\":\"https:\\\/\\\/businessphysics.ai\\\/#\\\/schema\\\/logo\\\/image\\\/\"}}]}<\/script>\n<!-- \/ Yoast SEO plugin. -->","yoast_head_json":{"title":"Montreal, Quebec AI Lab - Business Physics AI Lab","description":"About the Business Physics AI Lab in Montreal, Quebec, Canada. AI Lab built on 20 core principles that make emotional systems visible inside organizations.","robots":{"index":"index","follow":"follow","max-snippet":"max-snippet:-1","max-image-preview":"max-image-preview:large","max-video-preview":"max-video-preview:-1"},"canonical":"https:\/\/businessphysics.ai\/fr\/about-us\/","og_locale":"fr_CA","og_type":"article","og_title":"Montreal, Quebec AI Lab - Business Physics AI Lab","og_description":"About the Business Physics AI Lab in Montreal, Quebec, Canada. AI Lab built on 20 core principles that make emotional systems visible inside organizations.","og_url":"https:\/\/businessphysics.ai\/fr\/about-us\/","og_site_name":"Business Physics AI Lab","article_modified_time":"2025-04-10T20:59:17+00:00","twitter_card":"summary_large_image","twitter_misc":{"Estimation du temps de lecture":"3 minutes"},"schema":{"@context":"https:\/\/schema.org","@graph":[{"@type":"WebPage","@id":"https:\/\/businessphysics.ai\/about-us\/","url":"https:\/\/businessphysics.ai\/about-us\/","name":"Montreal, Quebec AI Lab - Business Physics AI Lab","isPartOf":{"@id":"https:\/\/businessphysics.ai\/#website"},"datePublished":"2025-04-02T23:37:04+00:00","dateModified":"2025-04-10T20:59:17+00:00","description":"About the Business Physics AI Lab in Montreal, Quebec, Canada. AI Lab built on 20 core principles that make emotional systems visible inside organizations.","breadcrumb":{"@id":"https:\/\/businessphysics.ai\/about-us\/#breadcrumb"},"inLanguage":"fr-CA","potentialAction":[{"@type":"ReadAction","target":["https:\/\/businessphysics.ai\/about-us\/"]}]},{"@type":"BreadcrumbList","@id":"https:\/\/businessphysics.ai\/about-us\/#breadcrumb","itemListElement":[{"@type":"ListItem","position":1,"name":"Home","item":"https:\/\/businessphysics.ai\/"},{"@type":"ListItem","position":2,"name":"Montreal, Quebec AI Lab"}]},{"@type":"WebSite","@id":"https:\/\/businessphysics.ai\/#website","url":"https:\/\/businessphysics.ai\/","name":"Business Physics AI Lab","description":"\u00c0 propos du fondateur : Le professeur Thomas Hormaza Dow favorise un environnement o\u00f9 la recherche rencontre l'application, et o\u00f9 les stagiaires, les chercheurs et les leaders de l'industrie collaborent pour ouvrir de nouvelles fronti\u00e8res.","publisher":{"@id":"https:\/\/businessphysics.ai\/#organization"},"potentialAction":[{"@type":"SearchAction","target":{"@type":"EntryPoint","urlTemplate":"https:\/\/businessphysics.ai\/?s={search_term_string}"},"query-input":{"@type":"PropertyValueSpecification","valueRequired":true,"valueName":"search_term_string"}}],"inLanguage":"fr-CA"},{"@type":"Organization","@id":"https:\/\/businessphysics.ai\/#organization","name":"Business Physics AI Lab","url":"https:\/\/businessphysics.ai\/","logo":{"@type":"ImageObject","inLanguage":"fr-CA","@id":"https:\/\/businessphysics.ai\/#\/schema\/logo\/image\/","url":"https:\/\/businessphysics.ai\/wp-content\/uploads\/2025\/01\/business-physics-logo-large-720.jpg","contentUrl":"https:\/\/businessphysics.ai\/wp-content\/uploads\/2025\/01\/business-physics-logo-large-720.jpg","width":720,"height":720,"caption":"Business Physics AI Lab"},"image":{"@id":"https:\/\/businessphysics.ai\/#\/schema\/logo\/image\/"}}]}},"_links":{"self":[{"href":"https:\/\/businessphysics.ai\/fr\/wp-json\/wp\/v2\/pages\/136","targetHints":{"allow":["GET"]}}],"collection":[{"href":"https:\/\/businessphysics.ai\/fr\/wp-json\/wp\/v2\/pages"}],"about":[{"href":"https:\/\/businessphysics.ai\/fr\/wp-json\/wp\/v2\/types\/page"}],"author":[{"embeddable":true,"href":"https:\/\/businessphysics.ai\/fr\/wp-json\/wp\/v2\/users\/1"}],"replies":[{"embeddable":true,"href":"https:\/\/businessphysics.ai\/fr\/wp-json\/wp\/v2\/comments?post=136"}],"version-history":[{"count":3,"href":"https:\/\/businessphysics.ai\/fr\/wp-json\/wp\/v2\/pages\/136\/revisions"}],"predecessor-version":[{"id":142,"href":"https:\/\/businessphysics.ai\/fr\/wp-json\/wp\/v2\/pages\/136\/revisions\/142"}],"wp:attachment":[{"href":"https:\/\/businessphysics.ai\/fr\/wp-json\/wp\/v2\/media?parent=136"}],"curies":[{"name":"wp","href":"https:\/\/api.w.org\/{rel}","templated":true}]}}