{"id":136,"date":"2025-04-02T19:37:04","date_gmt":"2025-04-02T23:37:04","guid":{"rendered":"https:\/\/businessphysics.ai\/?page_id=136"},"modified":"2025-04-10T16:59:17","modified_gmt":"2025-04-10T20:59:17","slug":"about-us","status":"publish","type":"page","link":"https:\/\/businessphysics.ai\/pt\/about-us\/","title":{"rendered":"Laborat\u00f3rio de IA de Montreal, Quebec"},"content":{"rendered":"<div class=\"wp-block-group alignfull has-base-background-color has-background has-global-padding is-layout-constrained wp-container-core-group-is-layout-d89aad35 wp-block-group-is-layout-constrained\" style=\"margin-top:0;margin-bottom:0;padding-top:var(--wp--preset--spacing--50);padding-right:var(--wp--preset--spacing--50);padding-bottom:var(--wp--preset--spacing--50);padding-left:var(--wp--preset--spacing--50)\">\n<div class=\"wp-block-columns alignwide is-layout-flex wp-container-core-columns-is-layout-549b0c86 wp-block-columns-is-layout-flex\">\n<div class=\"wp-block-column has-global-padding is-content-justification-left is-layout-constrained wp-container-core-column-is-layout-4f15e8fe wp-block-column-is-layout-constrained\" style=\"flex-basis:40%\">\n<p><strong>E se pud\u00e9ssemos simular emo\u00e7\u00f5es?<\/strong><\/p>\n\n\n\n<p>N\u00e3o de uma forma hipot\u00e9tica. N\u00e3o de forma filos\u00f3fica. Mas no mundo real e f\u00edsico, o mundo das salas de reuni\u00f5es, do ch\u00e3o de f\u00e1brica, das reuni\u00f5es de equipe, dos prazos at\u00e9 tarde da noite e das intera\u00e7\u00f5es com os clientes.<\/p>\n\n\n\n<p>E se pud\u00e9ssemos finalmente ver como a confian\u00e7a flui em uma equipe?<br>Como o esgotamento se desenvolve sob a superf\u00edcie?<\/p>\n\n\n\n<p><br>Como a motiva\u00e7\u00e3o se espalha ou n\u00e3o em um departamento?<\/p>\n\n\n\n<p>Essa \u00e9 a principal promessa do Business Physics Lab.<\/p>\n\n\n\n<p>Estamos aqui para trazer estrutura ao que sempre pareceu desestruturado: N\u00f3s Pesquisamos<br>Emo\u00e7\u00e3o nos neg\u00f3cios.<\/p>\n<\/div>\n\n\n\n<div class=\"wp-block-column is-layout-flow wp-container-core-column-is-layout-119bc444 wp-block-column-is-layout-flow\" style=\"flex-basis:60%\">\n<p class=\"has-heading-font-family has-x-large-font-size\" style=\"line-height:1.2\">Do invis\u00edvel ao vis\u00edvel: Mapeando a din\u00e2mica emocional<\/p>\n\n\n\n<div class=\"wp-block-columns is-layout-flex wp-container-core-columns-is-layout-87beb0d0 wp-block-columns-is-layout-flex\">\n<div class=\"wp-block-column is-layout-flow wp-block-column-is-layout-flow\">\n<p class=\"wp-container-content-9cfa9a5a\">O Business Physics Lab foi criado com base em 20 princ\u00edpios fundamentais que nos ajudam a tornar vis\u00edveis os sistemas emocionais dentro das organiza\u00e7\u00f5es.<\/p>\n\n\n\n<p>N\u00f3s simulamos:<\/p>\n\n\n\n<ul class=\"wp-block-list\">\n<li>Onde a motiva\u00e7\u00e3o aumenta ou diminui.<\/li>\n\n\n\n<li>Onde a confian\u00e7a \u00e9 est\u00e1vel e onde ela est\u00e1 se rompendo.<\/li>\n\n\n\n<li>Como a colabora\u00e7\u00e3o se movimenta ou se estanca entre os departamentos.<\/li>\n\n\n\n<li>Como o estresse se acumula em fun\u00e7\u00f5es, espa\u00e7os ou momentos espec\u00edficos.<\/li>\n<\/ul>\n\n\n\n<p>Tamb\u00e9m usamos agentes sint\u00e9ticos - modelos semelhantes a humanos de funcion\u00e1rios, clientes ou parceiros - para testar intera\u00e7\u00f5es emocionais em ambientes de neg\u00f3cios simulados.<\/p>\n\n\n\n<p class=\"wp-container-content-9cfa9a5a\">Essas ferramentas ajudam os l\u00edderes a explorar cen\u00e1rios com anteced\u00eancia, como em um teste de t\u00fanel de vento. A diferen\u00e7a \u00e9 que n\u00e3o estamos testando um produto, mas uma cultura.<\/p>\n<\/div>\n\n\n\n<div class=\"wp-block-column is-layout-flow wp-block-column-is-layout-flow\">\n<p>No Lab, adotamos uma abordagem diferente.<\/p>\n\n\n\n<p>N\u00e3o tratamos a emo\u00e7\u00e3o como algo suave ou abstrato. N\u00f3s a tratamos como algo sist\u00eamico, observ\u00e1vel e projet\u00e1vel usando uma estrutura inspirada na f\u00edsica e enraizada nos ambientes reais onde os neg\u00f3cios acontecem.<\/p>\n\n\n\n<p>Em nosso trabalho, conceitos como:<\/p>\n\n\n\n<ul class=\"wp-block-list\">\n<li>A motiva\u00e7\u00e3o se torna for\u00e7a, a energia que move as pessoas para frente.<\/li>\n\n\n\n<li>A confian\u00e7a se torna a estrutura, a integridade que mant\u00e9m tudo unido.<\/li>\n\n\n\n<li>O atrito se torna desalinhamento, fonte de desperd\u00edcio de esfor\u00e7os e conflitos.<\/li>\n\n\n\n<li>O momentum se torna um progresso que se sustenta por meio da resist\u00eancia.<\/li>\n\n\n\n<li>A empatia se torna resson\u00e2ncia, o padr\u00e3o que cria uma conex\u00e3o significativa.<\/li>\n<\/ul>\n\n\n\n<p>N\u00e3o se trata de met\u00e1foras. S\u00e3o princ\u00edpios de trabalho que aplicamos a reuni\u00f5es, jornadas de clientes, din\u00e2mica de equipes e estrat\u00e9gia organizacional.<\/p>\n<\/div>\n<\/div>\n\n\n\n<p><\/p>\n<\/div>\n<\/div>\n\n\n\n<figure class=\"wp-block-embed is-type-video is-provider-youtube wp-block-embed-youtube wp-embed-aspect-16-9 wp-has-aspect-ratio\"><div class=\"wp-block-embed__wrapper\">\n<iframe loading=\"lazy\" title=\"Laborat\u00f3rio de IA de F\u00edsica Empresarial Montreal Canad\u00e1\" width=\"500\" height=\"281\" src=\"https:\/\/www.youtube.com\/embed\/yVxCELPDfQg?feature=oembed\" frameborder=\"0\" allow=\"accelerometer; autoplay; clipboard-write; encrypted-media; gyroscope; picture-in-picture; web-share\" referrerpolicy=\"strict-origin-when-cross-origin\" allowfullscreen><\/iframe>\n<\/div><\/figure>\n\n\n\n<figure class=\"wp-block-embed is-type-video is-provider-youtube wp-block-embed-youtube wp-embed-aspect-16-9 wp-has-aspect-ratio\"><div class=\"wp-block-embed__wrapper\">\n<iframe loading=\"lazy\" title=\"Laboratoire IA Business Physics Montreal Qu\u00e9bec\" width=\"500\" height=\"281\" src=\"https:\/\/www.youtube.com\/embed\/LvyPk48wEMU?feature=oembed\" frameborder=\"0\" allow=\"accelerometer; autoplay; clipboard-write; encrypted-media; gyroscope; picture-in-picture; web-share\" referrerpolicy=\"strict-origin-when-cross-origin\" allowfullscreen><\/iframe>\n<\/div><\/figure>\n<\/div>\n\n\n\n<h3 class=\"wp-block-heading\"><strong>20 princ\u00edpios inspirados na f\u00edsica empresarial<\/strong><\/h3>\n\n\n\n<p><\/p>\n\n\n\n<h3 class=\"wp-block-heading\">1. For\u00e7a (motiva\u00e7\u00e3o)<\/h3>\n\n\n\n<p>Representa os fatores determinantes que influenciam as a\u00e7\u00f5es e os comportamentos.<\/p>\n\n\n\n<h3 class=\"wp-block-heading\">2. Energia (esfor\u00e7o)<\/h3>\n\n\n\n<p>Mede os recursos gastos para alcan\u00e7ar os resultados.<\/p>\n\n\n\n<h3 class=\"wp-block-heading\">3. Momentum (Progresso)<\/h3>\n\n\n\n<p>Representa o desempenho sustentado ao longo do tempo.<\/p>\n\n\n\n<h3 class=\"wp-block-heading\">4. Fric\u00e7\u00e3o (Obst\u00e1culos)<\/h3>\n\n\n\n<p>Simboliza inefici\u00eancias ou barreiras nos processos.<\/p>\n\n\n\n<h3 class=\"wp-block-heading\">5. Equil\u00edbrio (estabilidade)<\/h3>\n\n\n\n<p>Representa o equil\u00edbrio entre a carga de trabalho e a capacidade.<\/p>\n\n\n\n<h3 class=\"wp-block-heading\">6. Adaptabilidade (Elasticidade)<\/h3>\n\n\n\n<p>Reflete a capacidade de se ajustar a condi\u00e7\u00f5es ou demandas vari\u00e1veis.<\/p>\n\n\n\n<h3 class=\"wp-block-heading\">7. Loops de feedback (autorregula\u00e7\u00e3o)<\/h3>\n\n\n\n<p>Captura como os sistemas s\u00e3o aprimorados por meio de feedback iterativo.<\/p>\n\n\n\n<h3 class=\"wp-block-heading\">8. Otimiza\u00e7\u00e3o (alavancagem)<\/h3>\n\n\n\n<p>Concentra-se em obter o m\u00e1ximo de resultados com o m\u00ednimo de informa\u00e7\u00f5es.<\/p>\n\n\n\n<h3 class=\"wp-block-heading\">9. Intelig\u00eancia distribu\u00edda (colabora\u00e7\u00e3o)<\/h3>\n\n\n\n<p>Representa a capacidade coletiva de resolu\u00e7\u00e3o de problemas de agentes humanos e sint\u00e9ticos.<\/p>\n\n\n\n<h3 class=\"wp-block-heading\">10. Confian\u00e7a como estabilidade<\/h3>\n\n\n\n<p>Destaca a import\u00e2ncia da confian\u00e7a para manter a confiabilidade do sistema.<\/p>\n\n\n\n<h3 class=\"wp-block-heading\">11. Ciclos de ondas (padr\u00f5es de comportamento)<\/h3>\n\n\n\n<p>Reflete padr\u00f5es recorrentes de desempenho ou demanda.<\/p>\n\n\n\n<h3 class=\"wp-block-heading\">12. Entropia e renova\u00e7\u00e3o (longevidade do sistema)<\/h3>\n\n\n\n<p>Representa a degrada\u00e7\u00e3o do sistema e a necessidade de atualiza\u00e7\u00f5es.<\/p>\n\n\n\n<h3 class=\"wp-block-heading\">13. Alinhamento (Resson\u00e2ncia)<\/h3>\n\n\n\n<p>Garante que as metas e a\u00e7\u00f5es sejam sincronizadas entre os sistemas.<\/p>\n\n\n\n<h3 class=\"wp-block-heading\">14. Velocidade (velocidade de execu\u00e7\u00e3o)<\/h3>\n\n\n\n<p>Reflete a rapidez com que as tarefas s\u00e3o conclu\u00eddas.<\/p>\n\n\n\n<h3 class=\"wp-block-heading\">15. Intera\u00e7\u00f5es orientadas por persona<\/h3>\n\n\n\n<p>Os agentes sint\u00e9ticos incorporam personas distintas adaptadas \u00e0s fun\u00e7\u00f5es.<\/p>\n\n\n\n<h3 class=\"wp-block-heading\">16. Carga cognitiva (balanceamento de esfor\u00e7o)<\/h3>\n\n\n\n<p>Representa o gerenciamento da complexidade da tarefa.<\/p>\n\n\n\n<h3 class=\"wp-block-heading\">17. Redund\u00e2ncia (Resili\u00eancia do sistema)<\/h3>\n\n\n\n<p>Garante que os sistemas de backup estejam dispon\u00edveis para continuidade.<\/p>\n\n\n\n<h3 class=\"wp-block-heading\">18. Preconceito e \u00e9tica (qualidade da decis\u00e3o)<\/h3>\n\n\n\n<p>Garante que as decis\u00f5es sejam justas, imparciais e alinhadas aos padr\u00f5es \u00e9ticos.<\/p>\n\n\n\n<h3 class=\"wp-block-heading\">19. Interfer\u00eancia (consequ\u00eancias n\u00e3o intencionais)<\/h3>\n\n\n\n<p>Representa as interrup\u00e7\u00f5es causadas por a\u00e7\u00f5es conflitantes ou inefici\u00eancias.<\/p>\n\n\n\n<h3 class=\"wp-block-heading\">20. Emerg\u00eancia (comportamento de sistemas complexos)<\/h3>\n\n\n\n<p>Captura novos padr\u00f5es ou comportamentos resultantes das intera\u00e7\u00f5es do sistema.<\/p>\n\n\n\n<p>Esses princ\u00edpios orientam a modelagem, a tomada de decis\u00f5es e a otimiza\u00e7\u00e3o em contextos comerciais no Business Physics AI Lab.<\/p>\n\n\n\n<p><\/p>\n\n\n\n<figure class=\"wp-block-embed is-type-video is-provider-youtube wp-block-embed-youtube wp-embed-aspect-16-9 wp-has-aspect-ratio\"><div class=\"wp-block-embed__wrapper\">\n<iframe loading=\"lazy\" title=\"20 princ\u00edpios inspirados na f\u00edsica para simular a emo\u00e7\u00e3o humana nos neg\u00f3cios com IA -- @ BusinessPhysics.ai\" width=\"500\" height=\"281\" src=\"https:\/\/www.youtube.com\/embed\/fYXLJ4uMcB4?feature=oembed\" frameborder=\"0\" allow=\"accelerometer; autoplay; clipboard-write; encrypted-media; gyroscope; picture-in-picture; web-share\" referrerpolicy=\"strict-origin-when-cross-origin\" allowfullscreen><\/iframe>\n<\/div><\/figure>","protected":false},"excerpt":{"rendered":"<p>What if we could simulate emotion? Not in a hypothetical way. Not in a philosophical way. But in the real, physical world the world of boardrooms, shop floors, team huddles, late-night deadlines, and customer interactions. What if we could finally see how trust flows through a team?How burnout builds beneath the surface? How motivation spreads [&hellip;]<\/p>\n","protected":false},"author":1,"featured_media":0,"parent":0,"menu_order":0,"comment_status":"closed","ping_status":"closed","template":"","meta":{"footnotes":""},"class_list":["post-136","page","type-page","status-publish","hentry"],"yoast_head":"<!-- This site is optimized with the Yoast SEO plugin v27.4 - https:\/\/yoast.com\/product\/yoast-seo-wordpress\/ -->\n<title>Montreal, Quebec AI Lab - Business Physics AI Lab<\/title>\n<meta name=\"description\" content=\"About the Business Physics AI Lab in Montreal, Quebec, Canada. AI Lab built on 20 core principles that make emotional systems visible inside organizations.\" \/>\n<meta name=\"robots\" content=\"index, follow, max-snippet:-1, max-image-preview:large, max-video-preview:-1\" \/>\n<link rel=\"canonical\" href=\"https:\/\/businessphysics.ai\/pt\/about-us\/\" \/>\n<meta property=\"og:locale\" content=\"pt_BR\" \/>\n<meta property=\"og:type\" content=\"article\" \/>\n<meta property=\"og:title\" content=\"Montreal, Quebec AI Lab - Business Physics AI Lab\" \/>\n<meta property=\"og:description\" content=\"About the Business Physics AI Lab in Montreal, Quebec, Canada. AI Lab built on 20 core principles that make emotional systems visible inside organizations.\" \/>\n<meta property=\"og:url\" content=\"https:\/\/businessphysics.ai\/pt\/about-us\/\" \/>\n<meta property=\"og:site_name\" content=\"Business Physics AI Lab\" \/>\n<meta property=\"article:modified_time\" content=\"2025-04-10T20:59:17+00:00\" \/>\n<meta name=\"twitter:card\" content=\"summary_large_image\" \/>\n<meta name=\"twitter:label1\" content=\"Est. tempo de leitura\" \/>\n\t<meta name=\"twitter:data1\" content=\"3 minutos\" \/>\n<script type=\"application\/ld+json\" class=\"yoast-schema-graph\">{\"@context\":\"https:\\\/\\\/schema.org\",\"@graph\":[{\"@type\":\"WebPage\",\"@id\":\"https:\\\/\\\/businessphysics.ai\\\/about-us\\\/\",\"url\":\"https:\\\/\\\/businessphysics.ai\\\/about-us\\\/\",\"name\":\"Montreal, Quebec AI Lab - Business Physics AI Lab\",\"isPartOf\":{\"@id\":\"https:\\\/\\\/businessphysics.ai\\\/#website\"},\"datePublished\":\"2025-04-02T23:37:04+00:00\",\"dateModified\":\"2025-04-10T20:59:17+00:00\",\"description\":\"About the Business Physics AI Lab in Montreal, Quebec, Canada. AI Lab built on 20 core principles that make emotional systems visible inside organizations.\",\"breadcrumb\":{\"@id\":\"https:\\\/\\\/businessphysics.ai\\\/about-us\\\/#breadcrumb\"},\"inLanguage\":\"pt-BR\",\"potentialAction\":[{\"@type\":\"ReadAction\",\"target\":[\"https:\\\/\\\/businessphysics.ai\\\/about-us\\\/\"]}]},{\"@type\":\"BreadcrumbList\",\"@id\":\"https:\\\/\\\/businessphysics.ai\\\/about-us\\\/#breadcrumb\",\"itemListElement\":[{\"@type\":\"ListItem\",\"position\":1,\"name\":\"Home\",\"item\":\"https:\\\/\\\/businessphysics.ai\\\/\"},{\"@type\":\"ListItem\",\"position\":2,\"name\":\"Montreal, Quebec AI Lab\"}]},{\"@type\":\"WebSite\",\"@id\":\"https:\\\/\\\/businessphysics.ai\\\/#website\",\"url\":\"https:\\\/\\\/businessphysics.ai\\\/\",\"name\":\"Business Physics AI Lab\",\"description\":\"About the Founder: Professor Thomas Hormaza Dow fosters an environment where research meets application, and where interns, researchers, and industry leaders collaborate to unlock new frontiers.\",\"publisher\":{\"@id\":\"https:\\\/\\\/businessphysics.ai\\\/#organization\"},\"potentialAction\":[{\"@type\":\"SearchAction\",\"target\":{\"@type\":\"EntryPoint\",\"urlTemplate\":\"https:\\\/\\\/businessphysics.ai\\\/?s={search_term_string}\"},\"query-input\":{\"@type\":\"PropertyValueSpecification\",\"valueRequired\":true,\"valueName\":\"search_term_string\"}}],\"inLanguage\":\"pt-BR\"},{\"@type\":\"Organization\",\"@id\":\"https:\\\/\\\/businessphysics.ai\\\/#organization\",\"name\":\"Business Physics AI Lab\",\"url\":\"https:\\\/\\\/businessphysics.ai\\\/\",\"logo\":{\"@type\":\"ImageObject\",\"inLanguage\":\"pt-BR\",\"@id\":\"https:\\\/\\\/businessphysics.ai\\\/#\\\/schema\\\/logo\\\/image\\\/\",\"url\":\"https:\\\/\\\/businessphysics.ai\\\/wp-content\\\/uploads\\\/2025\\\/01\\\/business-physics-logo-large-720.jpg\",\"contentUrl\":\"https:\\\/\\\/businessphysics.ai\\\/wp-content\\\/uploads\\\/2025\\\/01\\\/business-physics-logo-large-720.jpg\",\"width\":720,\"height\":720,\"caption\":\"Business Physics AI Lab\"},\"image\":{\"@id\":\"https:\\\/\\\/businessphysics.ai\\\/#\\\/schema\\\/logo\\\/image\\\/\"}}]}<\/script>\n<!-- \/ Yoast SEO plugin. -->","yoast_head_json":{"title":"Montreal, Quebec AI Lab - Business Physics AI Lab","description":"About the Business Physics AI Lab in Montreal, Quebec, Canada. AI Lab built on 20 core principles that make emotional systems visible inside organizations.","robots":{"index":"index","follow":"follow","max-snippet":"max-snippet:-1","max-image-preview":"max-image-preview:large","max-video-preview":"max-video-preview:-1"},"canonical":"https:\/\/businessphysics.ai\/pt\/about-us\/","og_locale":"pt_BR","og_type":"article","og_title":"Montreal, Quebec AI Lab - Business Physics AI Lab","og_description":"About the Business Physics AI Lab in Montreal, Quebec, Canada. AI Lab built on 20 core principles that make emotional systems visible inside organizations.","og_url":"https:\/\/businessphysics.ai\/pt\/about-us\/","og_site_name":"Business Physics AI Lab","article_modified_time":"2025-04-10T20:59:17+00:00","twitter_card":"summary_large_image","twitter_misc":{"Est. tempo de leitura":"3 minutos"},"schema":{"@context":"https:\/\/schema.org","@graph":[{"@type":"WebPage","@id":"https:\/\/businessphysics.ai\/about-us\/","url":"https:\/\/businessphysics.ai\/about-us\/","name":"Montreal, Quebec AI Lab - Business Physics AI Lab","isPartOf":{"@id":"https:\/\/businessphysics.ai\/#website"},"datePublished":"2025-04-02T23:37:04+00:00","dateModified":"2025-04-10T20:59:17+00:00","description":"About the Business Physics AI Lab in Montreal, Quebec, Canada. AI Lab built on 20 core principles that make emotional systems visible inside organizations.","breadcrumb":{"@id":"https:\/\/businessphysics.ai\/about-us\/#breadcrumb"},"inLanguage":"pt-BR","potentialAction":[{"@type":"ReadAction","target":["https:\/\/businessphysics.ai\/about-us\/"]}]},{"@type":"BreadcrumbList","@id":"https:\/\/businessphysics.ai\/about-us\/#breadcrumb","itemListElement":[{"@type":"ListItem","position":1,"name":"Home","item":"https:\/\/businessphysics.ai\/"},{"@type":"ListItem","position":2,"name":"Montreal, Quebec AI Lab"}]},{"@type":"WebSite","@id":"https:\/\/businessphysics.ai\/#website","url":"https:\/\/businessphysics.ai\/","name":"Laborat\u00f3rio de IA para F\u00edsica Empresarial","description":"Sobre o fundador: O professor Thomas Hormaza Dow promove um ambiente onde a pesquisa encontra a aplica\u00e7\u00e3o e onde estagi\u00e1rios, pesquisadores e l\u00edderes do setor colaboram para desvendar novas fronteiras.","publisher":{"@id":"https:\/\/businessphysics.ai\/#organization"},"potentialAction":[{"@type":"SearchAction","target":{"@type":"EntryPoint","urlTemplate":"https:\/\/businessphysics.ai\/?s={search_term_string}"},"query-input":{"@type":"PropertyValueSpecification","valueRequired":true,"valueName":"search_term_string"}}],"inLanguage":"pt-BR"},{"@type":"Organization","@id":"https:\/\/businessphysics.ai\/#organization","name":"Laborat\u00f3rio de IA para F\u00edsica Empresarial","url":"https:\/\/businessphysics.ai\/","logo":{"@type":"ImageObject","inLanguage":"pt-BR","@id":"https:\/\/businessphysics.ai\/#\/schema\/logo\/image\/","url":"https:\/\/businessphysics.ai\/wp-content\/uploads\/2025\/01\/business-physics-logo-large-720.jpg","contentUrl":"https:\/\/businessphysics.ai\/wp-content\/uploads\/2025\/01\/business-physics-logo-large-720.jpg","width":720,"height":720,"caption":"Business Physics AI Lab"},"image":{"@id":"https:\/\/businessphysics.ai\/#\/schema\/logo\/image\/"}}]}},"_links":{"self":[{"href":"https:\/\/businessphysics.ai\/pt\/wp-json\/wp\/v2\/pages\/136","targetHints":{"allow":["GET"]}}],"collection":[{"href":"https:\/\/businessphysics.ai\/pt\/wp-json\/wp\/v2\/pages"}],"about":[{"href":"https:\/\/businessphysics.ai\/pt\/wp-json\/wp\/v2\/types\/page"}],"author":[{"embeddable":true,"href":"https:\/\/businessphysics.ai\/pt\/wp-json\/wp\/v2\/users\/1"}],"replies":[{"embeddable":true,"href":"https:\/\/businessphysics.ai\/pt\/wp-json\/wp\/v2\/comments?post=136"}],"version-history":[{"count":3,"href":"https:\/\/businessphysics.ai\/pt\/wp-json\/wp\/v2\/pages\/136\/revisions"}],"predecessor-version":[{"id":142,"href":"https:\/\/businessphysics.ai\/pt\/wp-json\/wp\/v2\/pages\/136\/revisions\/142"}],"wp:attachment":[{"href":"https:\/\/businessphysics.ai\/pt\/wp-json\/wp\/v2\/media?parent=136"}],"curies":[{"name":"wp","href":"https:\/\/api.w.org\/{rel}","templated":true}]}}